{"id":1387,"date":"2025-10-17T10:12:07","date_gmt":"2025-10-17T08:12:07","guid":{"rendered":"https:\/\/pastaorobio.it\/i-nostri-prodotti\/unkategorisiert\/capunti\/"},"modified":"2025-10-17T10:12:07","modified_gmt":"2025-10-17T08:12:07","slug":"capunti","status":"publish","type":"product","link":"https:\/\/pastaorobio.it\/de\/i-nostri-prodotti\/kurze-pasta\/capunti\/","title":{"rendered":"Capunti"},"content":{"rendered":"<p><strong>PRODUKTIONSGEBIET<\/strong><br \/>\nApulien und Basilikata (Italien)<\/p>\n<p><strong>ART<\/strong><br \/>\nPasta aus biologischem Hartweizengrie\u00df.<br \/>\nLangsames Trocknen bei niedriger Temperatur.<\/p>\n<p><strong>VERPACKUNG<\/strong><br \/>\n500 Gramm \/ 300 Gramm<\/p>\n<p><strong>KOCHZEIT<\/strong><br \/>\n13 Minuten<\/p>\n","protected":false},"excerpt":{"rendered":"<p><strong>Capunti<\/strong> \u2013 typisch f\u00fcr S\u00fcditalien, haben eine hohle und rustikale Form, die jede So\u00dfe auff\u00e4ngt. Perfekt zu Gem\u00fcse und H\u00fclsenfr\u00fcchten. <\/p>\n<p><strong>Biologisches Produkt und ohne Mykotoxine*<\/strong><\/p>\n","protected":false},"featured_media":435,"comment_status":"closed","ping_status":"closed","template":"","meta":{"_acf_changed":false,"_joinchat":[]},"product_brand":[],"product_cat":[68],"product_tag":[],"class_list":{"0":"post-1387","1":"product","2":"type-product","3":"status-publish","4":"has-post-thumbnail","6":"product_cat-kurze-pasta","8":"first","9":"instock","10":"taxable","11":"shipping-taxable","12":"purchasable","13":"product-type-variable"},"acf":[],"yoast_head":"<!-- This site is optimized with the Yoast SEO plugin v27.3 - https:\/\/yoast.com\/product\/yoast-seo-wordpress\/ -->\n<title>Capunti - Pasta Orobio<\/title>\n<meta name=\"robots\" content=\"index, follow, max-snippet:-1, max-image-preview:large, max-video-preview:-1\" \/>\n<link rel=\"canonical\" href=\"https:\/\/pastaorobio.it\/de\/i-nostri-prodotti\/kurze-pasta\/capunti\/\" \/>\n<meta property=\"og:locale\" content=\"de_DE\" \/>\n<meta property=\"og:type\" content=\"article\" \/>\n<meta property=\"og:title\" content=\"Capunti - Pasta Orobio\" \/>\n<meta property=\"og:description\" content=\"Capunti \u2013 typisch f\u00fcr S\u00fcditalien, haben eine hohle und rustikale Form, die jede So\u00dfe auff\u00e4ngt. Perfekt zu Gem\u00fcse und H\u00fclsenfr\u00fcchten.  Biologisches Produkt und ohne Mykotoxine*\" \/>\n<meta property=\"og:url\" content=\"https:\/\/pastaorobio.it\/de\/i-nostri-prodotti\/kurze-pasta\/capunti\/\" \/>\n<meta property=\"og:site_name\" content=\"Pasta Orobio\" \/>\n<meta property=\"og:image\" content=\"https:\/\/pastaorobio.it\/wp-content\/uploads\/2025\/10\/Capunti_Leggerezza-Quotidina.jpg\" \/>\n\t<meta property=\"og:image:width\" content=\"1414\" \/>\n\t<meta property=\"og:image:height\" content=\"1714\" \/>\n\t<meta property=\"og:image:type\" content=\"image\/jpeg\" \/>\n<meta name=\"twitter:card\" content=\"summary_large_image\" \/>\n<script type=\"application\/ld+json\" class=\"yoast-schema-graph\">{\"@context\":\"https:\\\/\\\/schema.org\",\"@graph\":[{\"@type\":\"WebPage\",\"@id\":\"https:\\\/\\\/pastaorobio.it\\\/de\\\/i-nostri-prodotti\\\/kurze-pasta\\\/capunti\\\/\",\"url\":\"https:\\\/\\\/pastaorobio.it\\\/de\\\/i-nostri-prodotti\\\/kurze-pasta\\\/capunti\\\/\",\"name\":\"Capunti - Pasta Orobio\",\"isPartOf\":{\"@id\":\"https:\\\/\\\/pastaorobio.it\\\/#website\"},\"primaryImageOfPage\":{\"@id\":\"https:\\\/\\\/pastaorobio.it\\\/de\\\/i-nostri-prodotti\\\/kurze-pasta\\\/capunti\\\/#primaryimage\"},\"image\":{\"@id\":\"https:\\\/\\\/pastaorobio.it\\\/de\\\/i-nostri-prodotti\\\/kurze-pasta\\\/capunti\\\/#primaryimage\"},\"thumbnailUrl\":\"https:\\\/\\\/pastaorobio.it\\\/wp-content\\\/uploads\\\/2025\\\/10\\\/Capunti_Leggerezza-Quotidina.jpg\",\"datePublished\":\"2025-10-17T08:12:07+00:00\",\"breadcrumb\":{\"@id\":\"https:\\\/\\\/pastaorobio.it\\\/de\\\/i-nostri-prodotti\\\/kurze-pasta\\\/capunti\\\/#breadcrumb\"},\"inLanguage\":\"de\",\"potentialAction\":[{\"@type\":\"ReadAction\",\"target\":[\"https:\\\/\\\/pastaorobio.it\\\/de\\\/i-nostri-prodotti\\\/kurze-pasta\\\/capunti\\\/\"]}]},{\"@type\":\"ImageObject\",\"inLanguage\":\"de\",\"@id\":\"https:\\\/\\\/pastaorobio.it\\\/de\\\/i-nostri-prodotti\\\/kurze-pasta\\\/capunti\\\/#primaryimage\",\"url\":\"https:\\\/\\\/pastaorobio.it\\\/wp-content\\\/uploads\\\/2025\\\/10\\\/Capunti_Leggerezza-Quotidina.jpg\",\"contentUrl\":\"https:\\\/\\\/pastaorobio.it\\\/wp-content\\\/uploads\\\/2025\\\/10\\\/Capunti_Leggerezza-Quotidina.jpg\",\"width\":1414,\"height\":1714},{\"@type\":\"BreadcrumbList\",\"@id\":\"https:\\\/\\\/pastaorobio.it\\\/de\\\/i-nostri-prodotti\\\/kurze-pasta\\\/capunti\\\/#breadcrumb\",\"itemListElement\":[{\"@type\":\"ListItem\",\"position\":1,\"name\":\"Home\",\"item\":\"https:\\\/\\\/pastaorobio.it\\\/\"},{\"@type\":\"ListItem\",\"position\":2,\"name\":\"Unsere Produkte\",\"item\":\"https:\\\/\\\/pastaorobio.it\\\/de\\\/orobio\\\/unsere-produkte\\\/\"},{\"@type\":\"ListItem\",\"position\":3,\"name\":\"Capunti\"}]},{\"@type\":\"WebSite\",\"@id\":\"https:\\\/\\\/pastaorobio.it\\\/#website\",\"url\":\"https:\\\/\\\/pastaorobio.it\\\/\",\"name\":\"Pasta Orobio\",\"description\":\"Essiccazione lenta, gusto pieno.\",\"potentialAction\":[{\"@type\":\"SearchAction\",\"target\":{\"@type\":\"EntryPoint\",\"urlTemplate\":\"https:\\\/\\\/pastaorobio.it\\\/?s={search_term_string}\"},\"query-input\":{\"@type\":\"PropertyValueSpecification\",\"valueRequired\":true,\"valueName\":\"search_term_string\"}}],\"inLanguage\":\"de\"}]}<\/script>\n<!-- \/ Yoast SEO plugin. -->","yoast_head_json":{"title":"Capunti - Pasta Orobio","robots":{"index":"index","follow":"follow","max-snippet":"max-snippet:-1","max-image-preview":"max-image-preview:large","max-video-preview":"max-video-preview:-1"},"canonical":"https:\/\/pastaorobio.it\/de\/i-nostri-prodotti\/kurze-pasta\/capunti\/","og_locale":"de_DE","og_type":"article","og_title":"Capunti - Pasta Orobio","og_description":"Capunti \u2013 typisch f\u00fcr S\u00fcditalien, haben eine hohle und rustikale Form, die jede So\u00dfe auff\u00e4ngt. Perfekt zu Gem\u00fcse und H\u00fclsenfr\u00fcchten.  Biologisches Produkt und ohne Mykotoxine*","og_url":"https:\/\/pastaorobio.it\/de\/i-nostri-prodotti\/kurze-pasta\/capunti\/","og_site_name":"Pasta Orobio","og_image":[{"width":1414,"height":1714,"url":"https:\/\/pastaorobio.it\/wp-content\/uploads\/2025\/10\/Capunti_Leggerezza-Quotidina.jpg","type":"image\/jpeg"}],"twitter_card":"summary_large_image","schema":{"@context":"https:\/\/schema.org","@graph":[{"@type":"WebPage","@id":"https:\/\/pastaorobio.it\/de\/i-nostri-prodotti\/kurze-pasta\/capunti\/","url":"https:\/\/pastaorobio.it\/de\/i-nostri-prodotti\/kurze-pasta\/capunti\/","name":"Capunti - Pasta Orobio","isPartOf":{"@id":"https:\/\/pastaorobio.it\/#website"},"primaryImageOfPage":{"@id":"https:\/\/pastaorobio.it\/de\/i-nostri-prodotti\/kurze-pasta\/capunti\/#primaryimage"},"image":{"@id":"https:\/\/pastaorobio.it\/de\/i-nostri-prodotti\/kurze-pasta\/capunti\/#primaryimage"},"thumbnailUrl":"https:\/\/pastaorobio.it\/wp-content\/uploads\/2025\/10\/Capunti_Leggerezza-Quotidina.jpg","datePublished":"2025-10-17T08:12:07+00:00","breadcrumb":{"@id":"https:\/\/pastaorobio.it\/de\/i-nostri-prodotti\/kurze-pasta\/capunti\/#breadcrumb"},"inLanguage":"de","potentialAction":[{"@type":"ReadAction","target":["https:\/\/pastaorobio.it\/de\/i-nostri-prodotti\/kurze-pasta\/capunti\/"]}]},{"@type":"ImageObject","inLanguage":"de","@id":"https:\/\/pastaorobio.it\/de\/i-nostri-prodotti\/kurze-pasta\/capunti\/#primaryimage","url":"https:\/\/pastaorobio.it\/wp-content\/uploads\/2025\/10\/Capunti_Leggerezza-Quotidina.jpg","contentUrl":"https:\/\/pastaorobio.it\/wp-content\/uploads\/2025\/10\/Capunti_Leggerezza-Quotidina.jpg","width":1414,"height":1714},{"@type":"BreadcrumbList","@id":"https:\/\/pastaorobio.it\/de\/i-nostri-prodotti\/kurze-pasta\/capunti\/#breadcrumb","itemListElement":[{"@type":"ListItem","position":1,"name":"Home","item":"https:\/\/pastaorobio.it\/"},{"@type":"ListItem","position":2,"name":"Unsere Produkte","item":"https:\/\/pastaorobio.it\/de\/orobio\/unsere-produkte\/"},{"@type":"ListItem","position":3,"name":"Capunti"}]},{"@type":"WebSite","@id":"https:\/\/pastaorobio.it\/#website","url":"https:\/\/pastaorobio.it\/","name":"Pasta Orobio","description":"Essiccazione lenta, gusto pieno.","potentialAction":[{"@type":"SearchAction","target":{"@type":"EntryPoint","urlTemplate":"https:\/\/pastaorobio.it\/?s={search_term_string}"},"query-input":{"@type":"PropertyValueSpecification","valueRequired":true,"valueName":"search_term_string"}}],"inLanguage":"de"}]}},"_links":{"self":[{"href":"https:\/\/pastaorobio.it\/de\/wp-json\/wp\/v2\/product\/1387","targetHints":{"allow":["GET"]}}],"collection":[{"href":"https:\/\/pastaorobio.it\/de\/wp-json\/wp\/v2\/product"}],"about":[{"href":"https:\/\/pastaorobio.it\/de\/wp-json\/wp\/v2\/types\/product"}],"replies":[{"embeddable":true,"href":"https:\/\/pastaorobio.it\/de\/wp-json\/wp\/v2\/comments?post=1387"}],"wp:featuredmedia":[{"embeddable":true,"href":"https:\/\/pastaorobio.it\/de\/wp-json\/wp\/v2\/media\/435"}],"wp:attachment":[{"href":"https:\/\/pastaorobio.it\/de\/wp-json\/wp\/v2\/media?parent=1387"}],"wp:term":[{"taxonomy":"product_brand","embeddable":true,"href":"https:\/\/pastaorobio.it\/de\/wp-json\/wp\/v2\/product_brand?post=1387"},{"taxonomy":"product_cat","embeddable":true,"href":"https:\/\/pastaorobio.it\/de\/wp-json\/wp\/v2\/product_cat?post=1387"},{"taxonomy":"product_tag","embeddable":true,"href":"https:\/\/pastaorobio.it\/de\/wp-json\/wp\/v2\/product_tag?post=1387"}],"curies":[{"name":"wp","href":"https:\/\/api.w.org\/{rel}","templated":true}]}}