{"id":1165,"date":"2025-10-17T09:05:58","date_gmt":"2025-10-17T07:05:58","guid":{"rendered":"https:\/\/pastaorobio.it\/?page_id=1165"},"modified":"2026-01-05T16:35:45","modified_gmt":"2026-01-05T15:35:45","slug":"privacy-policy","status":"publish","type":"page","link":"https:\/\/pastaorobio.it\/de\/rechtliches\/privacy-policy\/","title":{"rendered":"Privacy Policy"},"content":{"rendered":"\t\t<div data-elementor-type=\"wp-page\" data-elementor-id=\"1165\" class=\"elementor elementor-1165 elementor-369\" data-elementor-post-type=\"page\">\n\t\t\t\t<div class=\"elementor-element elementor-element-2df4b324 e-flex e-con-boxed e-con e-parent\" data-id=\"2df4b324\" data-element_type=\"container\" data-e-type=\"container\">\n\t\t\t\t\t<div class=\"e-con-inner\">\n\t\t\t\t<div class=\"elementor-element elementor-element-2849769a elementor-widget elementor-widget-heading\" data-id=\"2849769a\" data-element_type=\"widget\" data-e-type=\"widget\" data-widget_type=\"heading.default\">\n\t\t\t\t<div class=\"elementor-widget-container\">\n\t\t\t\t\t<h2 class=\"elementor-heading-title elementor-size-default\">Politica di privacy e cookie<\/h2>\t\t\t\t<\/div>\n\t\t\t\t<\/div>\n\t\t\t\t<div class=\"elementor-element elementor-element-24bb84c7 elementor-widget elementor-widget-text-editor\" data-id=\"24bb84c7\" data-element_type=\"widget\" data-e-type=\"widget\" data-widget_type=\"text-editor.default\">\n\t\t\t\t<div class=\"elementor-widget-container\">\n\t\t\t\t\t\t\t\t\t<p><strong style=\"color: #d6b048; font-family: 'Work Sans', sans-serif; font-size: 40px;\" data-start=\"147\" data-end=\"176\">Informativa sulla Privacy<\/strong><\/p><div><div><p data-start=\"179\" data-end=\"263\"><strong data-start=\"179\" data-end=\"204\">Ultimo aggiornamento:<\/strong> 21 Ottobre 2025<br data-start=\"220\" data-end=\"223\" \/><strong data-start=\"223\" data-end=\"245\">Data di efficacia:<\/strong> 21 Ottobre 2025<\/p><p data-start=\"265\" data-end=\"657\">La presente Informativa sulla Privacy descrive le politiche di <strong data-start=\"328\" data-end=\"349\">Fior di campo srl<\/strong>, con sede in <strong data-start=\"363\" data-end=\"422\">Via delle Cappelle, 18\/C &#8211; 70022 Altamura (BA) \u2013 Italia<\/strong>, email: <strong data-start=\"431\" data-end=\"455\"><a class=\"decorated-link cursor-pointer\" rel=\"noopener\" data-start=\"433\" data-end=\"453\">admin@pastaorobio.it<\/a><\/strong>, relative alla raccolta, all\u2019uso e alla divulgazione delle informazioni che raccogliamo quando utilizzi il nostro sito web (<strong data-start=\"611\" data-end=\"637\"><a class=\"decorated-link\" href=\"https:\/\/pastaorobio.it\" target=\"_new\" rel=\"noopener\" data-start=\"613\" data-end=\"635\">https:\/\/pastaorobio.it<\/a><\/strong>) (il \u201cServizio\u201d).<\/p><p data-start=\"659\" data-end=\"922\">Accedendo o utilizzando il Servizio, acconsenti alla raccolta, all\u2019utilizzo e alla divulgazione delle tue informazioni conformemente a quanto indicato in questa Informativa sulla Privacy. Se non acconsenti, ti invitiamo a non accedere n\u00e9 utilizzare il Servizio.<\/p><p data-start=\"924\" data-end=\"1296\">Potremmo modificare la presente Informativa sulla Privacy in qualsiasi momento, senza preavviso, pubblicando la nuova versione sul Servizio. La nuova Informativa sar\u00e0 efficace <strong data-start=\"1100\" data-end=\"1136\">180 giorni dopo la pubblicazione<\/strong>. L\u2019uso continuato del Servizio dopo tale periodo costituir\u00e0 accettazione delle modifiche. Ti consigliamo pertanto di consultare periodicamente questa pagina.<\/p><hr data-start=\"1298\" data-end=\"1301\" \/><h3 data-start=\"1303\" data-end=\"1339\"><strong data-start=\"1307\" data-end=\"1339\">Informazioni che raccogliamo<\/strong><\/h3><p data-start=\"1340\" data-end=\"1401\">Raccogliamo e trattiamo le seguenti informazioni personali:<\/p><ul data-start=\"1403\" data-end=\"1549\"><li data-start=\"1403\" data-end=\"1411\"><p data-start=\"1405\" data-end=\"1411\">Nome<\/p><\/li><li data-start=\"1412\" data-end=\"1421\"><p data-start=\"1414\" data-end=\"1421\">Email<\/p><\/li><li data-start=\"1422\" data-end=\"1444\"><p data-start=\"1424\" data-end=\"1444\">Numero di telefono<\/p><\/li><li data-start=\"1445\" data-end=\"1469\"><p data-start=\"1447\" data-end=\"1469\">Profilo social media<\/p><\/li><li data-start=\"1470\" data-end=\"1489\"><p data-start=\"1472\" data-end=\"1489\">Data di nascita<\/p><\/li><li data-start=\"1490\" data-end=\"1503\"><p data-start=\"1492\" data-end=\"1503\">Indirizzo<\/p><\/li><li data-start=\"1504\" data-end=\"1527\"><p data-start=\"1506\" data-end=\"1527\">Indirizzo di lavoro<\/p><\/li><li data-start=\"1528\" data-end=\"1549\"><p data-start=\"1530\" data-end=\"1549\">Dati di pagamento<\/p><\/li><\/ul><hr data-start=\"1551\" data-end=\"1554\" \/><h3 data-start=\"1556\" data-end=\"1600\"><strong data-start=\"1560\" data-end=\"1600\">Come raccogliamo le tue informazioni<\/strong><\/h3><p data-start=\"1601\" data-end=\"1667\">Raccogliamo o riceviamo informazioni su di te nei seguenti modi:<\/p><ul data-start=\"1669\" data-end=\"1816\"><li data-start=\"1669\" data-end=\"1754\"><p data-start=\"1671\" data-end=\"1754\">Quando l\u2019utente compila un modulo di registrazione o invia informazioni personali<\/p><\/li><li data-start=\"1755\" data-end=\"1793\"><p data-start=\"1757\" data-end=\"1793\">Quando interagisce con il sito web<\/p><\/li><li data-start=\"1794\" data-end=\"1816\"><p data-start=\"1796\" data-end=\"1816\">Da fonti pubbliche<\/p><\/li><\/ul><hr data-start=\"1818\" data-end=\"1821\" \/><h3 data-start=\"1823\" data-end=\"1867\"><strong data-start=\"1827\" data-end=\"1867\">Come utilizziamo le tue informazioni<\/strong><\/h3><p data-start=\"1868\" data-end=\"1936\">Le informazioni raccolte verranno utilizzate per i seguenti scopi:<\/p><ul data-start=\"1938\" data-end=\"2274\"><li data-start=\"1938\" data-end=\"1964\"><p data-start=\"1940\" data-end=\"1964\">Marketing e promozioni<\/p><\/li><li data-start=\"1965\" data-end=\"1998\"><p data-start=\"1967\" data-end=\"1998\">Creazione dell\u2019account utente<\/p><\/li><li data-start=\"1999\" data-end=\"2033\"><p data-start=\"2001\" data-end=\"2033\">Pubblicazione di testimonianze<\/p><\/li><li data-start=\"2034\" data-end=\"2070\"><p data-start=\"2036\" data-end=\"2070\">Raccolta di feedback dei clienti<\/p><\/li><li data-start=\"2071\" data-end=\"2101\"><p data-start=\"2073\" data-end=\"2101\">Elaborazione dei pagamenti<\/p><\/li><li data-start=\"2102\" data-end=\"2129\"><p data-start=\"2104\" data-end=\"2129\">Gestione amministrativa<\/p><\/li><li data-start=\"2130\" data-end=\"2151\"><p data-start=\"2132\" data-end=\"2151\">Pubblicit\u00e0 mirata<\/p><\/li><li data-start=\"2152\" data-end=\"2185\"><p data-start=\"2154\" data-end=\"2185\">Gestione degli ordini clienti<\/p><\/li><li data-start=\"2186\" data-end=\"2209\"><p data-start=\"2188\" data-end=\"2209\">Protezione del sito<\/p><\/li><li data-start=\"2210\" data-end=\"2241\"><p data-start=\"2212\" data-end=\"2241\">Risoluzione di controversie<\/p><\/li><li data-start=\"2242\" data-end=\"2274\"><p data-start=\"2244\" data-end=\"2274\">Gestione dell\u2019account utente<\/p><\/li><\/ul><p data-start=\"2276\" data-end=\"2498\">Se dovessimo utilizzare le tue informazioni per altri scopi, ti chiederemo preventivamente il consenso e useremo i dati solo dopo averlo ricevuto, esclusivamente per gli scopi approvati, salvo obblighi di legge contrari.<\/p><hr data-start=\"2500\" data-end=\"2503\" \/><h3 data-start=\"2505\" data-end=\"2550\"><strong data-start=\"2509\" data-end=\"2550\">Come condividiamo le tue informazioni<\/strong><\/h3><p data-start=\"2551\" data-end=\"2666\">Non trasferiremo le tue informazioni personali a terzi senza il tuo consenso, salvo in circostanze limitate come:<\/p><ul data-start=\"2668\" data-end=\"2740\"><li data-start=\"2668\" data-end=\"2692\"><p data-start=\"2670\" data-end=\"2692\">Servizi pubblicitari<\/p><\/li><li data-start=\"2693\" data-end=\"2717\"><p data-start=\"2695\" data-end=\"2717\">Agenzie di marketing<\/p><\/li><li data-start=\"2718\" data-end=\"2740\"><p data-start=\"2720\" data-end=\"2740\">Servizi di analisi<\/p><\/li><\/ul><p data-start=\"2742\" data-end=\"2915\">Richiediamo a tali terze parti di utilizzare i dati personali ricevuti <strong data-start=\"2813\" data-end=\"2864\">solo per lo scopo per cui sono stati trasferiti<\/strong> e di non conservarli pi\u00f9 a lungo del necessario.<\/p><p data-start=\"2917\" data-end=\"2980\">Potremmo inoltre divulgare le tue informazioni personali per:<\/p><ol data-start=\"2981\" data-end=\"3182\"><li data-start=\"2981\" data-end=\"3038\"><p data-start=\"2984\" data-end=\"3038\">conformit\u00e0 a leggi, regolamenti o ordini giudiziari;<\/p><\/li><li data-start=\"3039\" data-end=\"3109\"><p data-start=\"3042\" data-end=\"3109\">applicazione dei nostri accordi, inclusa la presente Informativa;<\/p><\/li><li data-start=\"3110\" data-end=\"3182\"><p data-start=\"3113\" data-end=\"3182\">rispondere a reclami riguardanti la violazione di diritti di terzi.<\/p><\/li><\/ol><p data-start=\"3184\" data-end=\"3347\">Nel caso in cui il Servizio o la nostra azienda venga fusa o acquisita da un\u2019altra societ\u00e0, le tue informazioni potranno essere trasferite al nuovo proprietario.<\/p><hr data-start=\"3349\" data-end=\"3352\" \/><h3 data-start=\"3354\" data-end=\"3384\"><strong data-start=\"3358\" data-end=\"3384\">Conservazione dei dati<\/strong><\/h3><p data-start=\"3385\" data-end=\"3594\">Conserveremo le tue informazioni personali per un periodo compreso tra <strong data-start=\"3456\" data-end=\"3478\">90 giorni e 2 anni<\/strong> dalla chiusura dell\u2019account utente o per il tempo necessario a raggiungere gli scopi per cui sono state raccolte.<\/p><p data-start=\"3596\" data-end=\"3893\">Alcune informazioni potrebbero essere conservate pi\u00f9 a lungo per motivi legali (obblighi fiscali, tutela dei diritti, prevenzione frodi, ecc.).<br data-start=\"3739\" data-end=\"3742\" \/>Le informazioni anonime o aggregate, che non permettono l\u2019identificazione diretta o indiretta dell\u2019utente, possono essere conservate indefinitamente.<\/p><hr data-start=\"3895\" data-end=\"3898\" \/><h3 data-start=\"3900\" data-end=\"3922\"><strong data-start=\"3904\" data-end=\"3922\">I tuoi diritti<\/strong><\/h3><p data-start=\"3923\" data-end=\"3975\">In base alla normativa applicabile, hai diritto a:<\/p><ul data-start=\"3976\" data-end=\"4320\"><li data-start=\"3976\" data-end=\"4037\"><p data-start=\"3978\" data-end=\"4037\">accedere, rettificare o cancellare i tuoi dati personali;<\/p><\/li><li data-start=\"4038\" data-end=\"4070\"><p data-start=\"4040\" data-end=\"4070\">ricevere una copia dei dati;<\/p><\/li><li data-start=\"4071\" data-end=\"4125\"><p data-start=\"4073\" data-end=\"4125\">limitare o opporti al trattamento attivo dei dati;<\/p><\/li><li data-start=\"4126\" data-end=\"4180\"><p data-start=\"4128\" data-end=\"4180\">richiedere la portabilit\u00e0 verso un altro titolare;<\/p><\/li><li data-start=\"4181\" data-end=\"4235\"><p data-start=\"4183\" data-end=\"4235\">revocare in qualsiasi momento il consenso fornito;<\/p><\/li><li data-start=\"4236\" data-end=\"4320\"><p data-start=\"4238\" data-end=\"4320\">presentare un reclamo all\u2019autorit\u00e0 garante per la protezione dei dati personali.<\/p><\/li><\/ul><p data-start=\"4322\" data-end=\"4444\">Per esercitare tali diritti, puoi scriverci a <strong data-start=\"4368\" data-end=\"4392\"><a class=\"decorated-link cursor-pointer\" rel=\"noopener\" data-start=\"4370\" data-end=\"4390\">admin@pastaorobio.it<\/a><\/strong>.<br data-start=\"4393\" data-end=\"4396\" \/>Risponderemo in conformit\u00e0 alla legge vigente.<\/p><p data-start=\"4446\" data-end=\"4564\">Puoi inoltre opporti al trattamento dei tuoi dati per finalit\u00e0 di marketing diretto scrivendo allo stesso indirizzo.<\/p><p data-start=\"4566\" data-end=\"4711\">\u26a0\ufe0f Nota: se non ci consenti di raccogliere o trattare le informazioni necessarie, potremmo non essere in grado di fornirti determinati servizi.<\/p><hr data-start=\"4713\" data-end=\"4716\" \/><h3 data-start=\"4718\" data-end=\"4752\"><strong data-start=\"4722\" data-end=\"4752\">Cookie e tecnologie simili<\/strong><\/h3><p data-start=\"4753\" data-end=\"4875\">Per ulteriori informazioni sull\u2019uso dei cookie e delle tecnologie di tracciamento, consulta la nostra <strong data-start=\"4855\" data-end=\"4872\">Cookie Policy<\/strong>.<\/p><hr data-start=\"4877\" data-end=\"4880\" \/><h3 data-start=\"4882\" data-end=\"4899\"><strong data-start=\"4886\" data-end=\"4899\">Sicurezza<\/strong><\/h3><p data-start=\"4900\" data-end=\"5280\">La sicurezza delle tue informazioni \u00e8 per noi importante.<br data-start=\"4957\" data-end=\"4960\" \/>Adottiamo misure di sicurezza adeguate per prevenire perdita, uso improprio o alterazione non autorizzata dei dati.<br data-start=\"5075\" data-end=\"5078\" \/>Tuttavia, a causa dei rischi intrinseci della trasmissione via Internet, non possiamo garantire la sicurezza assoluta delle informazioni trasmesse; l\u2019uso del Servizio avviene quindi <strong data-start=\"5260\" data-end=\"5277\">a tuo rischio<\/strong>.<\/p><hr data-start=\"5282\" data-end=\"5285\" \/><h3 data-start=\"5287\" data-end=\"5314\"><strong data-start=\"5291\" data-end=\"5314\">Link di terze parti<\/strong><\/h3><p data-start=\"5315\" data-end=\"5632\">Il nostro Servizio pu\u00f2 contenere link a siti web di terze parti non gestiti da noi.<br data-start=\"5398\" data-end=\"5401\" \/>La presente Informativa non si applica a tali siti o servizi. Ti invitiamo a leggere attentamente le rispettive informative sulla privacy.<br data-start=\"5539\" data-end=\"5542\" \/>Non siamo responsabili per i contenuti, le politiche o le pratiche di tali siti esterni.<\/p><hr data-start=\"5634\" data-end=\"5637\" \/><h3 data-start=\"5639\" data-end=\"5701\"><strong data-start=\"5643\" data-end=\"5701\">Responsabile della Protezione dei Dati (DPO) \/ Reclami<\/strong><\/h3><p data-start=\"5702\" data-end=\"5820\">Per domande o segnalazioni riguardanti il trattamento dei tuoi dati, puoi contattare il nostro Responsabile Privacy:<\/p><p data-start=\"5822\" data-end=\"5937\"><strong data-start=\"5822\" data-end=\"5843\">Fior di campo srl<\/strong><br data-start=\"5843\" data-end=\"5846\" \/>Via delle Cappelle, 18\/C \u2013 70022 Altamura (BA) \u2013 Italia<br data-start=\"5901\" data-end=\"5904\" \/>Email: <strong data-start=\"5911\" data-end=\"5935\"><a class=\"decorated-link cursor-pointer\" rel=\"noopener\" data-start=\"5913\" data-end=\"5933\">admin@pastaorobio.it<\/a><\/strong><\/p><p data-start=\"5939\" data-end=\"6005\">Gestiremo le tue richieste nel rispetto della normativa vigente.<\/p><hr data-start=\"6007\" data-end=\"6010\" \/><h6 data-start=\"6012\" data-end=\"6065\"><em>Informativa sulla Privacy generata con CookieYes.<\/em><\/h6><hr data-start=\"6067\" data-end=\"6070\" \/><p data-start=\"6072\" data-end=\"6274\" data-is-last-node=\"\" data-is-only-node=\"\">\u00a0<\/p><\/div><\/div>\t\t\t\t\t\t\t\t<\/div>\n\t\t\t\t<\/div>\n\t\t\t\t\t<\/div>\n\t\t\t\t<\/div>\n\t\t<div class=\"elementor-element elementor-element-f0cfdd4 e-flex e-con-boxed e-con e-parent\" data-id=\"f0cfdd4\" data-element_type=\"container\" data-e-type=\"container\">\n\t\t\t\t\t<div class=\"e-con-inner\">\n\t\t\t\t<div class=\"elementor-element elementor-element-75c0d94 elementor-widget elementor-widget-html\" data-id=\"75c0d94\" data-element_type=\"widget\" data-e-type=\"widget\" data-widget_type=\"html.default\">\n\t\t\t\t<div class=\"elementor-widget-container\">\n\t\t\t\t\t<!-- Start CookieYes cookie policy -->\n<style>\n  a.cky-banner-element {\n    padding: 8px 30px;\n    background: #f8f9fa;\n    color: #858a8f;\n    border: 1px solid #dee2e6;\n    box-sizing: border-box;\n    border-radius: 2px;\n    cursor: pointer\n  }\n<\/style>\n<h1 class=\"cookie-policy-h1\">Informativa sui cookie<\/h1>\n<div class=\"cookie-policy-date-container\">\n  <p>Data di entrata in vigore: October 21, 2025<\/p>\n  <p>Ultimo aggiornamento: October 21, 2025<\/p>\n<\/div>&nbsp;<h2>Cosa sono i cookie?<\/h2>\n<div class=\"cookie-policy-p\">\n  <p>La presente Informativa sui cookie spiega cosa sono i cookie, come li utilizziamo, i tipi di cookie che utilizziamo (ovvero le informazioni che raccogliamo utilizzando i cookie e come tali informazioni vengono utilizzate) e come gestire le impostazioni dei cookie.<\/p>\n  <p>I cookie sono piccoli file di testo utilizzati per memorizzare piccole informazioni. Vengono memorizzati sul dispositivo dell'utente quando un sito web viene caricato nel browser. Questi cookie contribuiscono a garantire il corretto funzionamento del sito web, migliorano la sicurezza, offrono un'esperienza utente migliore e analizzano le prestazioni per identificare cosa funziona e dove sono necessari miglioramenti.<\/p>\n<\/div>&nbsp;<h2>Come utilizziamo i cookie?<\/h2>\n<div class=\"cookie-policy-p\">\n  <p>Come la maggior parte dei servizi online, il nostro sito web utilizza cookie di prima parte e di terze parti per vari scopi. I cookie di prima parte sono necessari principalmente per il corretto funzionamento del sito web e non raccolgono dati personali identificabili.<\/p>\n  <p>I cookie di terze parti utilizzati sul nostro sito web ci aiutano principalmente a comprendere le prestazioni del sito web, a tracciare il modo in cui interagisce con esso, a garantire la sicurezza dei nostri servizi, a fornire annunci pubblicitari pertinenti e a migliorare la sua esperienza complessiva, ottimizzando al contempo la velocit\u00e0 delle sue interazioni future con il nostro sito web.<\/p>\n<\/div>&nbsp;<h2>Tipi di cookie utilizzati<\/h2>\n<div class=\"cky-audit-table-element\"><\/div>&nbsp;<h2 style=\"margin-bottom: 20px\">Gestire le preferenze dei cookie<\/h2><a class=\"cky-banner-element\">Preferenze relative al consenso<\/a><br \/>\n<div>\n  <p>\u00c8 possibile modificare le impostazioni dei cookie in qualsiasi momento facendo clic sul tasto \u201cPreferenze di consenso\u201d in alto. Ci\u00f2 consentir\u00e0 di visualizzare nuovamente il banner di consenso ai cookie e di aggiornare le proprie preferenze o revocare immediatamente il proprio consenso.<\/p>\n  <p>Inoltre, diversi browser offrono vari metodi per bloccare ed eliminare i cookie utilizzati dai siti web. \u00c8 possibile modificare le impostazioni del browser per bloccare o eliminare i cookie. Di seguito sono riportati i link ai documenti di assistenza su come gestire ed eliminare i cookie nei principali browser web.<\/p>\n  <p>Chrome: <a target=\"_blank\" rel=\"noopener noreferrer\" href=\"https:\/\/support.google.com\/accounts\/answer\/32050\">https:\/\/support.google.com\/accounts\/answer\/32050<\/a><\/p>\n  <p>Safari: <a target=\"_blank\" rel=\"noopener noreferrer\" href=\"https:\/\/support.apple.com\/en-in\/guide\/safari\/sfri11471\/mac\">https:\/\/support.apple.com\/en-in\/guide\/safari\/sfri11471\/mac<\/a><\/p>\n  <p>Firefox: <a target=\"_blank\" rel=\"noopener noreferrer\" href=\"https:\/\/support.mozilla.org\/en-US\/kb\/clear-cookies-and-site-data-firefox?redirectslug=delete-cookies-remove-info-websites-stored&redirectlocale=en-US\">https:\/\/support.mozilla.org\/en-US\/kb\/clear-cookies-and-site-data-firefox?redirectslug=delete-cookies-remove-info-websites-stored&redirectlocale=en-US<\/a><\/p>\n  <p>Internet Explorer: <a target=\"_blank\" rel=\"noopener noreferrer\" href=\"https:\/\/support.microsoft.com\/en-us\/topic\/how-to-delete-cookie-files-in-internet-explorer-bca9446f-d873-78de-77ba-d42645fa52fc\">https:\/\/support.microsoft.com\/en-us\/topic\/how-to-delete-cookie-files-in-internet-explorer-bca9446f-d873-78de-77ba-d42645fa52fc<\/a><\/p>\n  <p>Qualora si stia utilizzando un browser web diverso, si prega di fare riferimento alla documentazione di assistenza ufficiale.<\/p>\n<\/div>&nbsp;<p class=\"cookie-policy-p\"> Informativa sui cookie generata da <a target=\"_blank\" rel=\"noopener noreferrer\" href=\"https:\/\/www.cookieyes.com\/?utm_source=CP&utm_medium=footer&utm_campaign=UW\">CookieYes - Generatore di informative sui cookie<\/a><\/p>\n<!-- End CookieYes cookie policy -->\t\t\t\t<\/div>\n\t\t\t\t<\/div>\n\t\t\t\t\t<\/div>\n\t\t\t\t<\/div>\n\t\t\t\t<\/div>\n\t\t","protected":false},"excerpt":{"rendered":"<p>Datenschutz- und Cookie-Richtlinie Datenschutzrichtlinie Letzte Aktualisierung: 21. Oktober 2025. G\u00fcltig ab: 21. Oktober 2025. Diese Datenschutzerkl\u00e4rung erl\u00e4utert die Praktiken der Fior di campo srl, mit Sitz in der Via delle Cappelle, 18\/C &#8211; 70022 Altamura (BA) \u2013 Italien, E-Mail: admin@pastaorobio.it, bez\u00fcglich der Erhebung, Nutzung und Weitergabe von Informationen, die beim Zugriff auf unsere Website (https:\/\/pastaorobio.it) [&hellip;]<\/p>\n","protected":false},"author":1,"featured_media":0,"parent":1374,"menu_order":0,"comment_status":"closed","ping_status":"closed","template":"","meta":{"_acf_changed":false,"_joinchat":[],"footnotes":""},"class_list":["post-1165","page","type-page","status-publish","hentry"],"acf":[],"yoast_head":"<!-- This site is optimized with the Yoast SEO plugin v27.3 - https:\/\/yoast.com\/product\/yoast-seo-wordpress\/ -->\n<title>Privacy Policy - Pasta Orobio<\/title>\n<meta name=\"robots\" content=\"index, follow, max-snippet:-1, max-image-preview:large, max-video-preview:-1\" \/>\n<link rel=\"canonical\" href=\"https:\/\/pastaorobio.it\/de\/privacy-policy\/\" \/>\n<meta property=\"og:locale\" content=\"de_DE\" \/>\n<meta property=\"og:type\" content=\"article\" \/>\n<meta property=\"og:title\" content=\"Privacy Policy - Pasta Orobio\" \/>\n<meta property=\"og:description\" content=\"Datenschutz- und Cookie-Richtlinie Datenschutzrichtlinie Letzte Aktualisierung: 21. Oktober 2025. G\u00fcltig ab: 21. Oktober 2025. Diese Datenschutzerkl\u00e4rung erl\u00e4utert die Praktiken der Fior di campo srl, mit Sitz in der Via delle Cappelle, 18\/C &#8211; 70022 Altamura (BA) \u2013 Italien, E-Mail: admin@pastaorobio.it, bez\u00fcglich der Erhebung, Nutzung und Weitergabe von Informationen, die beim Zugriff auf unsere Website (https:\/\/pastaorobio.it) [&hellip;]\" \/>\n<meta property=\"og:url\" content=\"https:\/\/pastaorobio.it\/de\/privacy-policy\/\" \/>\n<meta property=\"og:site_name\" content=\"Pasta Orobio\" \/>\n<meta property=\"article:modified_time\" content=\"2026-01-05T15:35:45+00:00\" \/>\n<meta name=\"twitter:card\" content=\"summary_large_image\" \/>\n<meta name=\"twitter:label1\" content=\"Gesch\u00e4tzte Lesezeit\" \/>\n\t<meta name=\"twitter:data1\" content=\"6\u00a0Minuten\" \/>\n<script type=\"application\/ld+json\" class=\"yoast-schema-graph\">{\"@context\":\"https:\\\/\\\/schema.org\",\"@graph\":[{\"@type\":\"WebPage\",\"@id\":\"https:\\\/\\\/pastaorobio.it\\\/de\\\/privacy-policy\\\/\",\"url\":\"https:\\\/\\\/pastaorobio.it\\\/de\\\/privacy-policy\\\/\",\"name\":\"Privacy Policy - Pasta Orobio\",\"isPartOf\":{\"@id\":\"https:\\\/\\\/pastaorobio.it\\\/#website\"},\"datePublished\":\"2025-10-17T07:05:58+00:00\",\"dateModified\":\"2026-01-05T15:35:45+00:00\",\"breadcrumb\":{\"@id\":\"https:\\\/\\\/pastaorobio.it\\\/de\\\/privacy-policy\\\/#breadcrumb\"},\"inLanguage\":\"de\",\"potentialAction\":[{\"@type\":\"ReadAction\",\"target\":[\"https:\\\/\\\/pastaorobio.it\\\/de\\\/privacy-policy\\\/\"]}]},{\"@type\":\"BreadcrumbList\",\"@id\":\"https:\\\/\\\/pastaorobio.it\\\/de\\\/privacy-policy\\\/#breadcrumb\",\"itemListElement\":[{\"@type\":\"ListItem\",\"position\":1,\"name\":\"Home\",\"item\":\"https:\\\/\\\/pastaorobio.it\\\/\"},{\"@type\":\"ListItem\",\"position\":2,\"name\":\"Privacy Policy\"}]},{\"@type\":\"WebSite\",\"@id\":\"https:\\\/\\\/pastaorobio.it\\\/#website\",\"url\":\"https:\\\/\\\/pastaorobio.it\\\/\",\"name\":\"Pasta Orobio\",\"description\":\"Essiccazione lenta, gusto pieno.\",\"potentialAction\":[{\"@type\":\"SearchAction\",\"target\":{\"@type\":\"EntryPoint\",\"urlTemplate\":\"https:\\\/\\\/pastaorobio.it\\\/?s={search_term_string}\"},\"query-input\":{\"@type\":\"PropertyValueSpecification\",\"valueRequired\":true,\"valueName\":\"search_term_string\"}}],\"inLanguage\":\"de\"}]}<\/script>\n<!-- \/ Yoast SEO plugin. -->","yoast_head_json":{"title":"Privacy Policy - Pasta Orobio","robots":{"index":"index","follow":"follow","max-snippet":"max-snippet:-1","max-image-preview":"max-image-preview:large","max-video-preview":"max-video-preview:-1"},"canonical":"https:\/\/pastaorobio.it\/de\/privacy-policy\/","og_locale":"de_DE","og_type":"article","og_title":"Privacy Policy - Pasta Orobio","og_description":"Datenschutz- und Cookie-Richtlinie Datenschutzrichtlinie Letzte Aktualisierung: 21. Oktober 2025. G\u00fcltig ab: 21. Oktober 2025. Diese Datenschutzerkl\u00e4rung erl\u00e4utert die Praktiken der Fior di campo srl, mit Sitz in der Via delle Cappelle, 18\/C &#8211; 70022 Altamura (BA) \u2013 Italien, E-Mail: admin@pastaorobio.it, bez\u00fcglich der Erhebung, Nutzung und Weitergabe von Informationen, die beim Zugriff auf unsere Website (https:\/\/pastaorobio.it) [&hellip;]","og_url":"https:\/\/pastaorobio.it\/de\/privacy-policy\/","og_site_name":"Pasta Orobio","article_modified_time":"2026-01-05T15:35:45+00:00","twitter_card":"summary_large_image","twitter_misc":{"Gesch\u00e4tzte Lesezeit":"6\u00a0Minuten"},"schema":{"@context":"https:\/\/schema.org","@graph":[{"@type":"WebPage","@id":"https:\/\/pastaorobio.it\/de\/privacy-policy\/","url":"https:\/\/pastaorobio.it\/de\/privacy-policy\/","name":"Privacy Policy - Pasta Orobio","isPartOf":{"@id":"https:\/\/pastaorobio.it\/#website"},"datePublished":"2025-10-17T07:05:58+00:00","dateModified":"2026-01-05T15:35:45+00:00","breadcrumb":{"@id":"https:\/\/pastaorobio.it\/de\/privacy-policy\/#breadcrumb"},"inLanguage":"de","potentialAction":[{"@type":"ReadAction","target":["https:\/\/pastaorobio.it\/de\/privacy-policy\/"]}]},{"@type":"BreadcrumbList","@id":"https:\/\/pastaorobio.it\/de\/privacy-policy\/#breadcrumb","itemListElement":[{"@type":"ListItem","position":1,"name":"Home","item":"https:\/\/pastaorobio.it\/"},{"@type":"ListItem","position":2,"name":"Privacy Policy"}]},{"@type":"WebSite","@id":"https:\/\/pastaorobio.it\/#website","url":"https:\/\/pastaorobio.it\/","name":"Pasta Orobio","description":"Essiccazione lenta, gusto pieno.","potentialAction":[{"@type":"SearchAction","target":{"@type":"EntryPoint","urlTemplate":"https:\/\/pastaorobio.it\/?s={search_term_string}"},"query-input":{"@type":"PropertyValueSpecification","valueRequired":true,"valueName":"search_term_string"}}],"inLanguage":"de"}]}},"_links":{"self":[{"href":"https:\/\/pastaorobio.it\/de\/wp-json\/wp\/v2\/pages\/1165","targetHints":{"allow":["GET"]}}],"collection":[{"href":"https:\/\/pastaorobio.it\/de\/wp-json\/wp\/v2\/pages"}],"about":[{"href":"https:\/\/pastaorobio.it\/de\/wp-json\/wp\/v2\/types\/page"}],"author":[{"embeddable":true,"href":"https:\/\/pastaorobio.it\/de\/wp-json\/wp\/v2\/users\/1"}],"replies":[{"embeddable":true,"href":"https:\/\/pastaorobio.it\/de\/wp-json\/wp\/v2\/comments?post=1165"}],"version-history":[{"count":1,"href":"https:\/\/pastaorobio.it\/de\/wp-json\/wp\/v2\/pages\/1165\/revisions"}],"predecessor-version":[{"id":1169,"href":"https:\/\/pastaorobio.it\/de\/wp-json\/wp\/v2\/pages\/1165\/revisions\/1169"}],"up":[{"embeddable":true,"href":"https:\/\/pastaorobio.it\/de\/wp-json\/wp\/v2\/pages\/1374"}],"wp:attachment":[{"href":"https:\/\/pastaorobio.it\/de\/wp-json\/wp\/v2\/media?parent=1165"}],"curies":[{"name":"wp","href":"https:\/\/api.w.org\/{rel}","templated":true}]}}